{"id":1769,"date":"2018-08-10T02:44:41","date_gmt":"2018-08-10T00:44:41","guid":{"rendered":"http:\/\/slowozycia.home.pl\/str2\/?page_id=1769"},"modified":"2026-01-10T19:28:05","modified_gmt":"2026-01-10T18:28:05","slug":"rozwoj","status":"publish","type":"page","link":"https:\/\/slowozycia.wroclaw.pl\/index.php\/rozwoj\/","title":{"rendered":"Rozw\u00f3j"},"content":{"rendered":"\t\t<div data-elementor-type=\"wp-page\" data-elementor-id=\"1769\" class=\"elementor elementor-1769\" data-elementor-post-type=\"page\">\n\t\t\t\t<div class=\"elementor-element elementor-element-12b3d4e e-flex e-con-boxed e-con e-parent\" data-id=\"12b3d4e\" data-element_type=\"container\" data-settings=\"{&quot;jet_parallax_layout_list&quot;:[]}\">\n\t\t\t\t\t<div class=\"e-con-inner\">\n\t\t\t\t<div class=\"elementor-element elementor-element-86380f6 elementor-widget elementor-widget-heading\" data-id=\"86380f6\" data-element_type=\"widget\" data-widget_type=\"heading.default\">\n\t\t\t\t<div class=\"elementor-widget-container\">\n\t\t\t\t\t<h1 class=\"elementor-heading-title elementor-size-default\">Rozw\u00f3j<\/h1>\t\t\t\t<\/div>\n\t\t\t\t<\/div>\n\t\t\t\t<div class=\"elementor-element elementor-element-1a3d1d1 elementor-widget__width-inherit elementor-widget-divider--view-line elementor-widget elementor-widget-divider\" data-id=\"1a3d1d1\" data-element_type=\"widget\" data-widget_type=\"divider.default\">\n\t\t\t\t<div class=\"elementor-widget-container\">\n\t\t\t\t\t\t\t<div class=\"elementor-divider\">\n\t\t\t<span class=\"elementor-divider-separator\">\n\t\t\t\t\t\t<\/span>\n\t\t<\/div>\n\t\t\t\t\t\t<\/div>\n\t\t\t\t<\/div>\n\t\t\t\t<div class=\"elementor-element elementor-element-d060949 jet-breadcrumbs-align-left jet-breadcrumbs-align-mobile-center elementor-widget elementor-widget-jet-breadcrumbs\" data-id=\"d060949\" data-element_type=\"widget\" data-widget_type=\"jet-breadcrumbs.default\">\n\t\t\t\t<div class=\"elementor-widget-container\">\n\t\t\t\t\t<div class=\"elementor-jet-breadcrumbs jet-blocks\">\n\t\t<div class=\"jet-breadcrumbs\">\n\t\t<div class=\"jet-breadcrumbs__content\">\n\t\t<div class=\"jet-breadcrumbs__wrap\"><div class=\"jet-breadcrumbs__item\"><a href=\"https:\/\/slowozycia.wroclaw.pl\/\" class=\"jet-breadcrumbs__item-link is-home\" rel=\"home\" title=\"Strona g\u0142\u00f3wna\">Strona g\u0142\u00f3wna<\/a><\/div>\n\t\t<\/div>\n\t\t<\/div>\n\t\t<\/div><\/div>\t\t\t\t<\/div>\n\t\t\t\t<\/div>\n\t\t\t\t\t<\/div>\n\t\t\t\t<\/div>\n\t\t<div class=\"elementor-element elementor-element-294c5dc e-flex e-con-boxed e-con e-parent\" data-id=\"294c5dc\" data-element_type=\"container\" data-settings=\"{&quot;jet_parallax_layout_list&quot;:[]}\">\n\t\t\t\t\t<div class=\"e-con-inner\">\n\t\t\t\t<div class=\"elementor-element elementor-element-62f3441 elementor-widget__width-initial elementor-widget-mobile__width-inherit elementor-widget elementor-widget-image\" data-id=\"62f3441\" data-element_type=\"widget\" data-widget_type=\"image.default\">\n\t\t\t\t<div class=\"elementor-widget-container\">\n\t\t\t\t\t\t\t\t\t\t\t\t\t\t\t\t<a href=\"https:\/\/slowozycia.wroclaw.pl\/index.php\/kurs-alpha\/\">\n\t\t\t\t\t\t\t<img fetchpriority=\"high\" decoding=\"async\" width=\"800\" height=\"451\" src=\"https:\/\/slowozycia.wroclaw.pl\/wp-content\/uploads\/2025\/08\/Kurs-ALPHA-1024x577.png\" class=\"elementor-animation-grow attachment-large size-large wp-image-19800\" alt=\"\" srcset=\"https:\/\/slowozycia.wroclaw.pl\/wp-content\/uploads\/2025\/08\/Kurs-ALPHA-1024x577.png 1024w, https:\/\/slowozycia.wroclaw.pl\/wp-content\/uploads\/2025\/08\/Kurs-ALPHA-300x169.png 300w, https:\/\/slowozycia.wroclaw.pl\/wp-content\/uploads\/2025\/08\/Kurs-ALPHA-768x433.png 768w, https:\/\/slowozycia.wroclaw.pl\/wp-content\/uploads\/2025\/08\/Kurs-ALPHA.png 1230w\" sizes=\"(max-width: 800px) 100vw, 800px\" \/>\t\t\t\t\t\t\t\t<\/a>\n\t\t\t\t\t\t\t\t\t\t\t\t\t\t\t<\/div>\n\t\t\t\t<\/div>\n\t\t\t\t<div class=\"elementor-element elementor-element-60be21a elementor-widget__width-initial elementor-widget-mobile__width-inherit elementor-widget elementor-widget-image\" data-id=\"60be21a\" data-element_type=\"widget\" data-widget_type=\"image.default\">\n\t\t\t\t<div class=\"elementor-widget-container\">\n\t\t\t\t\t\t\t\t\t\t\t\t\t\t\t\t<a href=\"https:\/\/slowozycia.wroclaw.pl\/index.php\/rozwoj\/szkola-biblijna\/\">\n\t\t\t\t\t\t\t<img decoding=\"async\" width=\"800\" height=\"451\" src=\"https:\/\/slowozycia.wroclaw.pl\/wp-content\/uploads\/2026\/01\/2025.10.03-SZKOLA-PODSTAW-1024x577.jpg\" class=\"elementor-animation-grow attachment-large size-large wp-image-20584\" alt=\"\" srcset=\"https:\/\/slowozycia.wroclaw.pl\/wp-content\/uploads\/2026\/01\/2025.10.03-SZKOLA-PODSTAW-1024x577.jpg 1024w, https:\/\/slowozycia.wroclaw.pl\/wp-content\/uploads\/2026\/01\/2025.10.03-SZKOLA-PODSTAW-300x169.jpg 300w, https:\/\/slowozycia.wroclaw.pl\/wp-content\/uploads\/2026\/01\/2025.10.03-SZKOLA-PODSTAW-768x433.jpg 768w, https:\/\/slowozycia.wroclaw.pl\/wp-content\/uploads\/2026\/01\/2025.10.03-SZKOLA-PODSTAW-1536x865.jpg 1536w, https:\/\/slowozycia.wroclaw.pl\/wp-content\/uploads\/2026\/01\/2025.10.03-SZKOLA-PODSTAW-2048x1154.jpg 2048w\" sizes=\"(max-width: 800px) 100vw, 800px\" \/>\t\t\t\t\t\t\t\t<\/a>\n\t\t\t\t\t\t\t\t\t\t\t\t\t\t\t<\/div>\n\t\t\t\t<\/div>\n\t\t\t\t<div class=\"elementor-element elementor-element-7eb40cd elementor-widget__width-initial elementor-widget-mobile__width-inherit elementor-widget elementor-widget-image\" data-id=\"7eb40cd\" data-element_type=\"widget\" data-widget_type=\"image.default\">\n\t\t\t\t<div class=\"elementor-widget-container\">\n\t\t\t\t\t\t\t\t\t\t\t\t\t\t\t\t<a href=\"https:\/\/slowozycia.wroclaw.pl\/index.php\/rozwoj\/ss\/\">\n\t\t\t\t\t\t\t<img decoding=\"async\" width=\"800\" height=\"451\" src=\"https:\/\/slowozycia.wroclaw.pl\/wp-content\/uploads\/2026\/01\/SZKOLA-SLUZBY-1024x577.jpg\" class=\"elementor-animation-grow attachment-large size-large wp-image-20489\" alt=\"\" srcset=\"https:\/\/slowozycia.wroclaw.pl\/wp-content\/uploads\/2026\/01\/SZKOLA-SLUZBY-1024x577.jpg 1024w, https:\/\/slowozycia.wroclaw.pl\/wp-content\/uploads\/2026\/01\/SZKOLA-SLUZBY-300x169.jpg 300w, https:\/\/slowozycia.wroclaw.pl\/wp-content\/uploads\/2026\/01\/SZKOLA-SLUZBY-768x433.jpg 768w, https:\/\/slowozycia.wroclaw.pl\/wp-content\/uploads\/2026\/01\/SZKOLA-SLUZBY-1536x865.jpg 1536w, https:\/\/slowozycia.wroclaw.pl\/wp-content\/uploads\/2026\/01\/SZKOLA-SLUZBY-2048x1154.jpg 2048w\" sizes=\"(max-width: 800px) 100vw, 800px\" \/>\t\t\t\t\t\t\t\t<\/a>\n\t\t\t\t\t\t\t\t\t\t\t\t\t\t\t<\/div>\n\t\t\t\t<\/div>\n\t\t\t\t<div class=\"elementor-element elementor-element-a42ab5a elementor-widget__width-initial elementor-widget-mobile__width-inherit elementor-widget elementor-widget-image\" data-id=\"a42ab5a\" data-element_type=\"widget\" data-widget_type=\"image.default\">\n\t\t\t\t<div class=\"elementor-widget-container\">\n\t\t\t\t\t\t\t\t\t\t\t\t\t\t\t\t<a href=\"https:\/\/slowozycia.wroclaw.pl\/index.php\/rozwoj\/szkola-liderow\/\">\n\t\t\t\t\t\t\t<img loading=\"lazy\" decoding=\"async\" width=\"800\" height=\"451\" src=\"https:\/\/slowozycia.wroclaw.pl\/wp-content\/uploads\/2025\/07\/3-SZKOLA-LIDEROW-1024x577.jpg\" class=\"elementor-animation-grow attachment-large size-large wp-image-19649\" alt=\"\" srcset=\"https:\/\/slowozycia.wroclaw.pl\/wp-content\/uploads\/2025\/07\/3-SZKOLA-LIDEROW-1024x577.jpg 1024w, https:\/\/slowozycia.wroclaw.pl\/wp-content\/uploads\/2025\/07\/3-SZKOLA-LIDEROW-300x169.jpg 300w, https:\/\/slowozycia.wroclaw.pl\/wp-content\/uploads\/2025\/07\/3-SZKOLA-LIDEROW-768x433.jpg 768w, https:\/\/slowozycia.wroclaw.pl\/wp-content\/uploads\/2025\/07\/3-SZKOLA-LIDEROW-1536x865.jpg 1536w, https:\/\/slowozycia.wroclaw.pl\/wp-content\/uploads\/2025\/07\/3-SZKOLA-LIDEROW-2048x1154.jpg 2048w\" sizes=\"(max-width: 800px) 100vw, 800px\" \/>\t\t\t\t\t\t\t\t<\/a>\n\t\t\t\t\t\t\t\t\t\t\t\t\t\t\t<\/div>\n\t\t\t\t<\/div>\n\t\t\t\t\t<\/div>\n\t\t\t\t<\/div>\n\t\t\t\t<\/div>\n\t\t","protected":false},"excerpt":{"rendered":"<p>Rozw\u00f3j Strona g\u0142\u00f3wna<\/p>\n","protected":false},"author":1,"featured_media":0,"parent":0,"menu_order":0,"comment_status":"closed","ping_status":"closed","template":"","meta":{"footnotes":""},"class_list":["post-1769","page","type-page","status-publish","hentry"],"_links":{"self":[{"href":"https:\/\/slowozycia.wroclaw.pl\/index.php\/wp-json\/wp\/v2\/pages\/1769","targetHints":{"allow":["GET"]}}],"collection":[{"href":"https:\/\/slowozycia.wroclaw.pl\/index.php\/wp-json\/wp\/v2\/pages"}],"about":[{"href":"https:\/\/slowozycia.wroclaw.pl\/index.php\/wp-json\/wp\/v2\/types\/page"}],"author":[{"embeddable":true,"href":"https:\/\/slowozycia.wroclaw.pl\/index.php\/wp-json\/wp\/v2\/users\/1"}],"replies":[{"embeddable":true,"href":"https:\/\/slowozycia.wroclaw.pl\/index.php\/wp-json\/wp\/v2\/comments?post=1769"}],"version-history":[{"count":135,"href":"https:\/\/slowozycia.wroclaw.pl\/index.php\/wp-json\/wp\/v2\/pages\/1769\/revisions"}],"predecessor-version":[{"id":20602,"href":"https:\/\/slowozycia.wroclaw.pl\/index.php\/wp-json\/wp\/v2\/pages\/1769\/revisions\/20602"}],"wp:attachment":[{"href":"https:\/\/slowozycia.wroclaw.pl\/index.php\/wp-json\/wp\/v2\/media?parent=1769"}],"curies":[{"name":"wp","href":"https:\/\/api.w.org\/{rel}","templated":true}]}}