{"id":19920,"date":"2025-08-12T12:40:25","date_gmt":"2025-08-12T10:40:25","guid":{"rendered":"https:\/\/slowozycia.wroclaw.pl\/?page_id=19920"},"modified":"2025-08-20T09:18:51","modified_gmt":"2025-08-20T07:18:51","slug":"wieczerza","status":"publish","type":"page","link":"https:\/\/slowozycia.wroclaw.pl\/index.php\/wieczerza\/","title":{"rendered":"Wieczerza"},"content":{"rendered":"\t\t<div data-elementor-type=\"wp-page\" data-elementor-id=\"19920\" class=\"elementor elementor-19920\" data-elementor-post-type=\"page\">\n\t\t\t\t<div class=\"elementor-element elementor-element-ab982c1 e-flex e-con-boxed e-con e-parent\" data-id=\"ab982c1\" data-element_type=\"container\" data-settings=\"{&quot;jet_parallax_layout_list&quot;:[]}\">\n\t\t\t\t\t<div class=\"e-con-inner\">\n\t\t\t\t<div class=\"elementor-element elementor-element-e3a1b6a elementor-widget elementor-widget-heading\" data-id=\"e3a1b6a\" data-element_type=\"widget\" data-widget_type=\"heading.default\">\n\t\t\t\t<div class=\"elementor-widget-container\">\n\t\t\t\t\t<h1 class=\"elementor-heading-title elementor-size-default\">Wieczerza<\/h1>\t\t\t\t<\/div>\n\t\t\t\t<\/div>\n\t\t\t\t<div class=\"elementor-element elementor-element-dbf0052 elementor-widget__width-inherit elementor-widget-divider--view-line elementor-widget elementor-widget-divider\" data-id=\"dbf0052\" data-element_type=\"widget\" data-widget_type=\"divider.default\">\n\t\t\t\t<div class=\"elementor-widget-container\">\n\t\t\t\t\t\t\t<div class=\"elementor-divider\">\n\t\t\t<span class=\"elementor-divider-separator\">\n\t\t\t\t\t\t<\/span>\n\t\t<\/div>\n\t\t\t\t\t\t<\/div>\n\t\t\t\t<\/div>\n\t\t\t\t<div class=\"elementor-element elementor-element-3cbcfe0 jet-breadcrumbs-align-left jet-breadcrumbs-align-mobile-center elementor-widget elementor-widget-jet-breadcrumbs\" data-id=\"3cbcfe0\" data-element_type=\"widget\" data-widget_type=\"jet-breadcrumbs.default\">\n\t\t\t\t<div class=\"elementor-widget-container\">\n\t\t\t\t\t<div class=\"elementor-jet-breadcrumbs jet-blocks\">\n\t\t<div class=\"jet-breadcrumbs\">\n\t\t<div class=\"jet-breadcrumbs__content\">\n\t\t<div class=\"jet-breadcrumbs__wrap\"><div class=\"jet-breadcrumbs__item\"><a href=\"https:\/\/slowozycia.wroclaw.pl\/\" class=\"jet-breadcrumbs__item-link is-home\" rel=\"home\" title=\"Strona g\u0142\u00f3wna\">Strona g\u0142\u00f3wna<\/a><\/div>\n\t\t<\/div>\n\t\t<\/div>\n\t\t<\/div><\/div>\t\t\t\t<\/div>\n\t\t\t\t<\/div>\n\t\t\t\t\t<\/div>\n\t\t\t\t<\/div>\n\t\t<div class=\"elementor-element elementor-element-cea9268 wiecej e-flex e-con-boxed e-con e-parent\" data-id=\"cea9268\" data-element_type=\"container\" data-settings=\"{&quot;jet_parallax_layout_list&quot;:[]}\">\n\t\t\t\t\t<div class=\"e-con-inner\">\n\t\t<div class=\"elementor-element elementor-element-bf22158 e-con-full e-flex e-con e-child\" data-id=\"bf22158\" data-element_type=\"container\" data-settings=\"{&quot;jet_parallax_layout_list&quot;:[]}\">\n\t\t\t\t<div class=\"elementor-element elementor-element-3d5ba09 elementor-widget__width-inherit elementor-widget elementor-widget-heading\" data-id=\"3d5ba09\" data-element_type=\"widget\" data-widget_type=\"heading.default\">\n\t\t\t\t<div class=\"elementor-widget-container\">\n\t\t\t\t\t<h2 class=\"elementor-heading-title elementor-size-default\">W ka\u017cd\u0105 pierwsz\u0105 niedziel\u0119 miesi\u0105ca<\/h2>\t\t\t\t<\/div>\n\t\t\t\t<\/div>\n\t\t\t\t<div class=\"elementor-element elementor-element-6131f1c elementor-widget-divider--view-line elementor-widget elementor-widget-divider\" data-id=\"6131f1c\" data-element_type=\"widget\" data-widget_type=\"divider.default\">\n\t\t\t\t<div class=\"elementor-widget-container\">\n\t\t\t\t\t\t\t<div class=\"elementor-divider\">\n\t\t\t<span class=\"elementor-divider-separator\">\n\t\t\t\t\t\t<\/span>\n\t\t<\/div>\n\t\t\t\t\t\t<\/div>\n\t\t\t\t<\/div>\n\t\t\t\t<div class=\"elementor-element elementor-element-fe9b308 elementor-widget elementor-widget-text-editor\" data-id=\"fe9b308\" data-element_type=\"widget\" data-widget_type=\"text-editor.default\">\n\t\t\t\t<div class=\"elementor-widget-container\">\n\t\t\t\t\t\t\t\t\t<p><b>W ka\u017cd\u0105 pierwsz\u0105 niedziel\u0119 miesi\u0105ca<\/b>\u00a0spotykamy si\u0119 na \u0142amaniu chleba.<\/p><p>Po co to robimy? Na pami\u0105tk\u0119 tego, co Jezus zrobi\u0142 dla nas. Chleb i wino symbolizuj\u0105 cia\u0142o i krew Chyrystusa przelan\u0105 na krzy\u017cu za \u017cycie ka\u017cdego z nas.\u00a0<\/p><div>Jezus m\u00f3wi\u0142, \u017ce jak b\u0119dziemy spo\u017cywali wieczerz\u0119, b\u0119dziemy mieli \u017cycie w sobie. Mo\u017cesz tego do\u015bwiadczy\u0107.<\/div>\t\t\t\t\t\t\t\t<\/div>\n\t\t\t\t<\/div>\n\t\t\t\t<div class=\"elementor-element elementor-element-8b263ba elementor-align-left elementor-mobile-align-center elementor-widget elementor-widget-button\" data-id=\"8b263ba\" data-element_type=\"widget\" data-widget_type=\"button.default\">\n\t\t\t\t<div class=\"elementor-widget-container\">\n\t\t\t\t\t\t\t\t\t<div class=\"elementor-button-wrapper\">\n\t\t\t\t\t<a class=\"elementor-button elementor-button-link elementor-size-sm\" href=\"https:\/\/slowozycia.wroclaw.pl\/index.php\/spotkania\/\">\n\t\t\t\t\t\t<span class=\"elementor-button-content-wrapper\">\n\t\t\t\t\t\t\t\t\t<span class=\"elementor-button-text\">Spotkania<\/span>\n\t\t\t\t\t<\/span>\n\t\t\t\t\t<\/a>\n\t\t\t\t<\/div>\n\t\t\t\t\t\t\t\t<\/div>\n\t\t\t\t<\/div>\n\t\t\t\t<\/div>\n\t\t<div class=\"elementor-element elementor-element-4869806 e-con-full e-flex e-con e-child\" data-id=\"4869806\" data-element_type=\"container\" data-settings=\"{&quot;jet_parallax_layout_list&quot;:[],&quot;background_background&quot;:&quot;classic&quot;}\">\n\t\t\t\t<div class=\"elementor-element elementor-element-88ee7ee elementor-widget elementor-widget-text-editor\" data-id=\"88ee7ee\" data-element_type=\"widget\" data-widget_type=\"text-editor.default\">\n\t\t\t\t<div class=\"elementor-widget-container\">\n\t\t\t\t\t\t\t\t\t<p>Mt 26,26-28<\/p><p><br \/>A gdy oni jedli, Jezus wzi\u0105\u0142 chleb i odm\u00f3wiwszy b\u0142ogos\u0142awie\u0144stwo, po\u0142ama\u0142 i da\u0142 uczniom, m\u00f3wi\u0105c: \u00abBierzcie i jedzcie, to jest Cia\u0142o moje\u00bb. Nast\u0119pnie wzi\u0105\u0142 kielich i odm\u00f3wiwszy dzi\u0119kczynienie, da\u0142 im, m\u00f3wi\u0105c: Pijcie z niego wszyscy, bo to jest moja Krew Przymierza, kt\u00f3ra za wielu b\u0119dzie wylana na odpuszczenie grzech\u00f3w.<\/p>\t\t\t\t\t\t\t\t<\/div>\n\t\t\t\t<\/div>\n\t\t\t\t<\/div>\n\t\t\t\t\t<\/div>\n\t\t\t\t<\/div>\n\t\t\t\t<\/div>\n\t\t","protected":false},"excerpt":{"rendered":"<p>Wieczerza Strona g\u0142\u00f3wna W ka\u017cd\u0105 pierwsz\u0105 niedziel\u0119 miesi\u0105ca W ka\u017cd\u0105 pierwsz\u0105 niedziel\u0119 miesi\u0105ca\u00a0spotykamy si\u0119 na \u0142amaniu chleba. Po co to robimy? Na pami\u0105tk\u0119 tego, co Jezus zrobi\u0142 dla nas. Chleb i wino symbolizuj\u0105 cia\u0142o i krew Chyrystusa przelan\u0105 na krzy\u017cu za \u017cycie ka\u017cdego z nas.\u00a0 Jezus m\u00f3wi\u0142, \u017ce jak b\u0119dziemy spo\u017cywali wieczerz\u0119, b\u0119dziemy mieli \u017cycie [&hellip;]<\/p>\n","protected":false},"author":6,"featured_media":0,"parent":0,"menu_order":0,"comment_status":"closed","ping_status":"closed","template":"","meta":{"footnotes":""},"class_list":["post-19920","page","type-page","status-publish","hentry"],"_links":{"self":[{"href":"https:\/\/slowozycia.wroclaw.pl\/index.php\/wp-json\/wp\/v2\/pages\/19920","targetHints":{"allow":["GET"]}}],"collection":[{"href":"https:\/\/slowozycia.wroclaw.pl\/index.php\/wp-json\/wp\/v2\/pages"}],"about":[{"href":"https:\/\/slowozycia.wroclaw.pl\/index.php\/wp-json\/wp\/v2\/types\/page"}],"author":[{"embeddable":true,"href":"https:\/\/slowozycia.wroclaw.pl\/index.php\/wp-json\/wp\/v2\/users\/6"}],"replies":[{"embeddable":true,"href":"https:\/\/slowozycia.wroclaw.pl\/index.php\/wp-json\/wp\/v2\/comments?post=19920"}],"version-history":[{"count":13,"href":"https:\/\/slowozycia.wroclaw.pl\/index.php\/wp-json\/wp\/v2\/pages\/19920\/revisions"}],"predecessor-version":[{"id":20015,"href":"https:\/\/slowozycia.wroclaw.pl\/index.php\/wp-json\/wp\/v2\/pages\/19920\/revisions\/20015"}],"wp:attachment":[{"href":"https:\/\/slowozycia.wroclaw.pl\/index.php\/wp-json\/wp\/v2\/media?parent=19920"}],"curies":[{"name":"wp","href":"https:\/\/api.w.org\/{rel}","templated":true}]}}