{"id":20102,"date":"2025-09-05T13:55:23","date_gmt":"2025-09-05T11:55:23","guid":{"rendered":"https:\/\/slowozycia.wroclaw.pl\/?page_id=20102"},"modified":"2026-03-14T19:22:21","modified_gmt":"2026-03-14T18:22:21","slug":"szkola-liderow","status":"publish","type":"page","link":"https:\/\/slowozycia.wroclaw.pl\/index.php\/rozwoj\/szkola-liderow\/","title":{"rendered":"Szko\u0142a lider\u00f3w"},"content":{"rendered":"\t\t<div data-elementor-type=\"wp-page\" data-elementor-id=\"20102\" class=\"elementor elementor-20102\" data-elementor-post-type=\"page\">\n\t\t\t\t<div class=\"elementor-element elementor-element-df8f36c e-flex e-con-boxed e-con e-parent\" data-id=\"df8f36c\" data-element_type=\"container\" data-settings=\"{&quot;jet_parallax_layout_list&quot;:[]}\">\n\t\t\t\t\t<div class=\"e-con-inner\">\n\t\t\t\t<div class=\"elementor-element elementor-element-01545f7 elementor-widget__width-inherit elementor-widget-divider--view-line elementor-widget elementor-widget-divider\" data-id=\"01545f7\" data-element_type=\"widget\" data-widget_type=\"divider.default\">\n\t\t\t\t<div class=\"elementor-widget-container\">\n\t\t\t\t\t\t\t<div class=\"elementor-divider\">\n\t\t\t<span class=\"elementor-divider-separator\">\n\t\t\t\t\t\t<\/span>\n\t\t<\/div>\n\t\t\t\t\t\t<\/div>\n\t\t\t\t<\/div>\n\t\t\t\t<div class=\"elementor-element elementor-element-6448040 jet-breadcrumbs-align-left jet-breadcrumbs-align-mobile-center elementor-widget elementor-widget-jet-breadcrumbs\" data-id=\"6448040\" data-element_type=\"widget\" data-widget_type=\"jet-breadcrumbs.default\">\n\t\t\t\t<div class=\"elementor-widget-container\">\n\t\t\t\t\t<div class=\"elementor-jet-breadcrumbs jet-blocks\">\n\t\t<div class=\"jet-breadcrumbs\">\n\t\t<div class=\"jet-breadcrumbs__content\">\n\t\t<div class=\"jet-breadcrumbs__wrap\"><div class=\"jet-breadcrumbs__item\"><a href=\"https:\/\/slowozycia.wroclaw.pl\/\" class=\"jet-breadcrumbs__item-link is-home\" rel=\"home\" title=\"Strona g\u0142\u00f3wna\">Strona g\u0142\u00f3wna<\/a><\/div>\n\t\t<\/div>\n\t\t<\/div>\n\t\t<\/div><\/div>\t\t\t\t<\/div>\n\t\t\t\t<\/div>\n\t\t\t\t\t<\/div>\n\t\t\t\t<\/div>\n\t\t<div class=\"elementor-element elementor-element-4c10566 wiecej e-flex e-con-boxed e-con e-parent\" data-id=\"4c10566\" data-element_type=\"container\" data-settings=\"{&quot;jet_parallax_layout_list&quot;:[]}\">\n\t\t\t\t\t<div class=\"e-con-inner\">\n\t\t<div class=\"elementor-element elementor-element-b8f2c5d e-con-full e-flex e-con e-child\" data-id=\"b8f2c5d\" data-element_type=\"container\" data-settings=\"{&quot;jet_parallax_layout_list&quot;:[]}\">\n\t\t\t\t<div class=\"elementor-element elementor-element-6ad19d3 elementor-widget__width-inherit elementor-widget elementor-widget-heading\" data-id=\"6ad19d3\" data-element_type=\"widget\" data-widget_type=\"heading.default\">\n\t\t\t\t<div class=\"elementor-widget-container\">\n\t\t\t\t\t<h2 class=\"elementor-heading-title elementor-size-default\">Opis szko\u0142y lider\u00f3w<\/h2>\t\t\t\t<\/div>\n\t\t\t\t<\/div>\n\t\t\t\t<div class=\"elementor-element elementor-element-e655f86 elementor-widget-divider--view-line elementor-widget elementor-widget-divider\" data-id=\"e655f86\" data-element_type=\"widget\" data-widget_type=\"divider.default\">\n\t\t\t\t<div class=\"elementor-widget-container\">\n\t\t\t\t\t\t\t<div class=\"elementor-divider\">\n\t\t\t<span class=\"elementor-divider-separator\">\n\t\t\t\t\t\t<\/span>\n\t\t<\/div>\n\t\t\t\t\t\t<\/div>\n\t\t\t\t<\/div>\n\t\t\t\t<div class=\"elementor-element elementor-element-d0b12ab elementor-widget elementor-widget-text-editor\" data-id=\"d0b12ab\" data-element_type=\"widget\" data-widget_type=\"text-editor.default\">\n\t\t\t\t<div class=\"elementor-widget-container\">\n\t\t\t\t\t\t\t\t\t<p>Wkr\u00f3tce<\/p><div id=\"pgc-4242-0-1\" class=\"panel-grid-cell\" data-style=\"{&quot;background_display&quot;:&quot;tile&quot;,&quot;vertical_alignment&quot;:&quot;auto&quot;}\" data-weight=\"0.61984150185444\"><div class=\"panel-widget-style\"><div class=\"textwidget\"><p><strong>CZAS TRWANIA<\/strong><\/p><p>Wkr\u00f3tce<\/p><p><strong>TEMATY<\/strong><\/p><p>Wkr\u00f3tce<\/p><\/div><\/div><\/div><div id=\"pgc-4242-0-2\" class=\"panel-grid-cell\" data-weight=\"0.35963923516398\"><div class=\"panel-widget-style\"><div class=\"textwidget\">\u00a0<\/div><\/div><\/div>\t\t\t\t\t\t\t\t<\/div>\n\t\t\t\t<\/div>\n\t\t\t\t<\/div>\n\t\t<div class=\"elementor-element elementor-element-85b4c96 e-con-full e-flex e-con e-child\" data-id=\"85b4c96\" data-element_type=\"container\" data-settings=\"{&quot;jet_parallax_layout_list&quot;:[],&quot;background_background&quot;:&quot;classic&quot;}\">\n\t\t\t\t<div class=\"elementor-element elementor-element-6638866 elementor-widget__width-inherit elementor-widget elementor-widget-heading\" data-id=\"6638866\" data-element_type=\"widget\" data-widget_type=\"heading.default\">\n\t\t\t\t<div class=\"elementor-widget-container\">\n\t\t\t\t\t<h2 class=\"elementor-heading-title elementor-size-default\">Szczeg\u00f3\u0142y wydarzenia<\/h2>\t\t\t\t<\/div>\n\t\t\t\t<\/div>\n\t\t\t\t<div class=\"elementor-element elementor-element-f69f562 elementor-widget elementor-widget-text-editor\" data-id=\"f69f562\" data-element_type=\"widget\" data-widget_type=\"text-editor.default\">\n\t\t\t\t<div class=\"elementor-widget-container\">\n\t\t\t\t\t\t\t\t\t<div data-style=\"{&quot;thinkup_styleColorClear&quot;:&quot;&quot;,&quot;thinkup_stylePosition&quot;:&quot;left top&quot;,&quot;thinkup_styleRepeat&quot;:&quot;repeat&quot;,&quot;thinkup_styleSize&quot;:&quot;auto&quot;,&quot;thinkup_styleAttachment&quot;:&quot;scroll&quot;,&quot;thinkup_styleFontHClear&quot;:&quot;&quot;,&quot;thinkup_styleFontPClear&quot;:&quot;&quot;,&quot;thinkup_styleFontAClear&quot;:&quot;&quot;,&quot;thinkup_styleFontAHClear&quot;:&quot;&quot;,&quot;thinkup_styleBorderTStyle&quot;:&quot;solid&quot;,&quot;thinkup_styleBorderTColorClear&quot;:&quot;&quot;,&quot;thinkup_styleBorderBStyle&quot;:&quot;solid&quot;,&quot;thinkup_styleBorderBColorClear&quot;:&quot;&quot;,&quot;thinkup_styleFontAlign&quot;:&quot;inherit&quot;}\" data-ratio=\"1\" data-ratio-direction=\"right\"><div><div data-weight=\"0.35963923516398\"><div><div><p><strong><span style=\"color: #232323;\">ROZPOCZ\u0118CIE<\/span><\/strong><br \/>Wkr\u00f3tce<\/p><p><span style=\"color: #232323;\"><span style=\"font-weight: bolder;\">OP\u0141ATY<\/span><br \/><\/span>Szko\u0142a Lider\u00f3w jest bezp\u0142atna<\/p><p><span style=\"color: #232323;\"><strong>ZAPISY<\/strong><br \/><\/span>mailem:\u00a0<a href=\"mailto:biuro@slowozycia.wroclaw.pl\"><span style=\"color: #232323;\">biuro@slowozycia.wroclaw.pl<\/span><\/a><br \/>lub telefonicznie: 509 696 226<\/p><p><span style=\"color: #232323;\"><strong>ORGANIZATOR<\/strong><br \/><\/span>Ko\u015bci\u00f3\u0142 Chrze\u015bcija\u0144ski S\u0141OWO \u017bYCIA Wroc\u0142aw<\/p><\/div><\/div><\/div><\/div><\/div><div data-style=\"{&quot;thinkup_styleColorClear&quot;:&quot;&quot;,&quot;thinkup_stylePosition&quot;:&quot;left top&quot;,&quot;thinkup_styleRepeat&quot;:&quot;repeat&quot;,&quot;thinkup_styleSize&quot;:&quot;auto&quot;,&quot;thinkup_styleAttachment&quot;:&quot;scroll&quot;,&quot;thinkup_styleFontHClear&quot;:&quot;&quot;,&quot;thinkup_styleFontPClear&quot;:&quot;&quot;,&quot;thinkup_styleFontAClear&quot;:&quot;&quot;,&quot;thinkup_styleFontAHClear&quot;:&quot;&quot;,&quot;thinkup_styleBorderTStyle&quot;:&quot;solid&quot;,&quot;thinkup_styleBorderTColorClear&quot;:&quot;&quot;,&quot;thinkup_styleBorderBStyle&quot;:&quot;solid&quot;,&quot;thinkup_styleBorderBColorClear&quot;:&quot;&quot;,&quot;thinkup_styleFontAlign&quot;:&quot;inherit&quot;}\" data-ratio=\"1\" data-ratio-direction=\"right\"><div><div data-weight=\"0.020519262981575\">\u00a0<\/div><\/div><\/div>\t\t\t\t\t\t\t\t<\/div>\n\t\t\t\t<\/div>\n\t\t\t\t<\/div>\n\t\t\t\t\t<\/div>\n\t\t\t\t<\/div>\n\t\t\t\t<\/div>\n\t\t","protected":false},"excerpt":{"rendered":"<p>Strona g\u0142\u00f3wna Opis szko\u0142y lider\u00f3w Wkr\u00f3tce CZAS TRWANIA Wkr\u00f3tce TEMATY Wkr\u00f3tce \u00a0 Szczeg\u00f3\u0142y wydarzenia ROZPOCZ\u0118CIEWkr\u00f3tce OP\u0141ATYSzko\u0142a Lider\u00f3w jest bezp\u0142atna ZAPISYmailem:\u00a0biuro@slowozycia.wroclaw.pllub telefonicznie: 509 696 226 ORGANIZATORKo\u015bci\u00f3\u0142 Chrze\u015bcija\u0144ski S\u0141OWO \u017bYCIA Wroc\u0142aw \u00a0<\/p>\n","protected":false},"author":6,"featured_media":0,"parent":1769,"menu_order":0,"comment_status":"closed","ping_status":"closed","template":"","meta":{"footnotes":""},"class_list":["post-20102","page","type-page","status-publish","hentry"],"_links":{"self":[{"href":"https:\/\/slowozycia.wroclaw.pl\/index.php\/wp-json\/wp\/v2\/pages\/20102","targetHints":{"allow":["GET"]}}],"collection":[{"href":"https:\/\/slowozycia.wroclaw.pl\/index.php\/wp-json\/wp\/v2\/pages"}],"about":[{"href":"https:\/\/slowozycia.wroclaw.pl\/index.php\/wp-json\/wp\/v2\/types\/page"}],"author":[{"embeddable":true,"href":"https:\/\/slowozycia.wroclaw.pl\/index.php\/wp-json\/wp\/v2\/users\/6"}],"replies":[{"embeddable":true,"href":"https:\/\/slowozycia.wroclaw.pl\/index.php\/wp-json\/wp\/v2\/comments?post=20102"}],"version-history":[{"count":13,"href":"https:\/\/slowozycia.wroclaw.pl\/index.php\/wp-json\/wp\/v2\/pages\/20102\/revisions"}],"predecessor-version":[{"id":20979,"href":"https:\/\/slowozycia.wroclaw.pl\/index.php\/wp-json\/wp\/v2\/pages\/20102\/revisions\/20979"}],"up":[{"embeddable":true,"href":"https:\/\/slowozycia.wroclaw.pl\/index.php\/wp-json\/wp\/v2\/pages\/1769"}],"wp:attachment":[{"href":"https:\/\/slowozycia.wroclaw.pl\/index.php\/wp-json\/wp\/v2\/media?parent=20102"}],"curies":[{"name":"wp","href":"https:\/\/api.w.org\/{rel}","templated":true}]}}