{"id":20137,"date":"2025-09-09T11:45:21","date_gmt":"2025-09-09T09:45:21","guid":{"rendered":"https:\/\/slowozycia.wroclaw.pl\/?page_id=20137"},"modified":"2026-04-11T20:58:59","modified_gmt":"2026-04-11T18:58:59","slug":"kosciol-mlodych","status":"publish","type":"page","link":"https:\/\/slowozycia.wroclaw.pl\/index.php\/spotkania\/kosciol-mlodych\/","title":{"rendered":"Ko\u015bci\u00f3\u0142 M\u0142odych"},"content":{"rendered":"\t\t<div data-elementor-type=\"wp-page\" data-elementor-id=\"20137\" class=\"elementor elementor-20137\" data-elementor-post-type=\"page\">\n\t\t\t\t<div class=\"elementor-element elementor-element-05db81b e-flex e-con-boxed e-con e-parent\" data-id=\"05db81b\" data-element_type=\"container\" data-settings=\"{&quot;jet_parallax_layout_list&quot;:[]}\">\n\t\t\t\t\t<div class=\"e-con-inner\">\n\t\t\t\t<div class=\"elementor-element elementor-element-de54984 elementor-widget elementor-widget-heading\" data-id=\"de54984\" data-element_type=\"widget\" data-widget_type=\"heading.default\">\n\t\t\t\t<div class=\"elementor-widget-container\">\n\t\t\t\t\t<h1 class=\"elementor-heading-title elementor-size-default\">Ko\u015bci\u00f3\u0142<\/h1>\t\t\t\t<\/div>\n\t\t\t\t<\/div>\n\t\t\t\t<div class=\"elementor-element elementor-element-eb6ff66 elementor-widget__width-inherit elementor-widget-divider--view-line elementor-widget elementor-widget-divider\" data-id=\"eb6ff66\" data-element_type=\"widget\" data-widget_type=\"divider.default\">\n\t\t\t\t<div class=\"elementor-widget-container\">\n\t\t\t\t\t\t\t<div class=\"elementor-divider\">\n\t\t\t<span class=\"elementor-divider-separator\">\n\t\t\t\t\t\t<\/span>\n\t\t<\/div>\n\t\t\t\t\t\t<\/div>\n\t\t\t\t<\/div>\n\t\t\t\t<div class=\"elementor-element elementor-element-68278cb jet-breadcrumbs-align-left jet-breadcrumbs-align-mobile-center elementor-widget elementor-widget-jet-breadcrumbs\" data-id=\"68278cb\" data-element_type=\"widget\" data-widget_type=\"jet-breadcrumbs.default\">\n\t\t\t\t<div class=\"elementor-widget-container\">\n\t\t\t\t\t<div class=\"elementor-jet-breadcrumbs jet-blocks\">\n\t\t<div class=\"jet-breadcrumbs\">\n\t\t<div class=\"jet-breadcrumbs__content\">\n\t\t<div class=\"jet-breadcrumbs__wrap\"><div class=\"jet-breadcrumbs__item\"><a href=\"https:\/\/slowozycia.wroclaw.pl\/\" class=\"jet-breadcrumbs__item-link is-home\" rel=\"home\" title=\"Strona g\u0142\u00f3wna\">Strona g\u0142\u00f3wna<\/a><\/div>\n\t\t<\/div>\n\t\t<\/div>\n\t\t<\/div><\/div>\t\t\t\t<\/div>\n\t\t\t\t<\/div>\n\t\t\t\t\t<\/div>\n\t\t\t\t<\/div>\n\t\t<div class=\"elementor-element elementor-element-8b63cf1 wiecej e-flex e-con-boxed e-con e-parent\" data-id=\"8b63cf1\" data-element_type=\"container\" data-settings=\"{&quot;jet_parallax_layout_list&quot;:[]}\">\n\t\t\t\t\t<div class=\"e-con-inner\">\n\t\t<div class=\"elementor-element elementor-element-eea1761 e-con-full e-flex e-con e-child\" data-id=\"eea1761\" data-element_type=\"container\" data-settings=\"{&quot;jet_parallax_layout_list&quot;:[]}\">\n\t\t\t\t<div class=\"elementor-element elementor-element-8d851bd elementor-widget__width-inherit elementor-widget elementor-widget-heading\" data-id=\"8d851bd\" data-element_type=\"widget\" data-widget_type=\"heading.default\">\n\t\t\t\t<div class=\"elementor-widget-container\">\n\t\t\t\t\t<h2 class=\"elementor-heading-title elementor-size-default\">Ko\u015bci\u00f3\u0142 M\u0142odych Doros\u0142ych<br \/><b>Time is NOW <\/b><\/h2>\t\t\t\t<\/div>\n\t\t\t\t<\/div>\n\t\t\t\t<div class=\"elementor-element elementor-element-0c4dd0d elementor-widget-divider--view-line elementor-widget elementor-widget-divider\" data-id=\"0c4dd0d\" data-element_type=\"widget\" data-widget_type=\"divider.default\">\n\t\t\t\t<div class=\"elementor-widget-container\">\n\t\t\t\t\t\t\t<div class=\"elementor-divider\">\n\t\t\t<span class=\"elementor-divider-separator\">\n\t\t\t\t\t\t<\/span>\n\t\t<\/div>\n\t\t\t\t\t\t<\/div>\n\t\t\t\t<\/div>\n\t\t\t\t<div class=\"elementor-element elementor-element-2a08416 elementor-invisible elementor-widget elementor-widget-heading\" data-id=\"2a08416\" data-element_type=\"widget\" data-settings=\"{&quot;_animation&quot;:&quot;fadeInLeft&quot;,&quot;_animation_delay&quot;:300}\" data-widget_type=\"heading.default\">\n\t\t\t\t<div class=\"elementor-widget-container\">\n\t\t\t\t\t<h3 class=\"elementor-heading-title elementor-size-default\">Czemu jest tyle z\u0142a na \u015bwiecie?<\/h3>\t\t\t\t<\/div>\n\t\t\t\t<\/div>\n\t\t\t\t<div class=\"elementor-element elementor-element-0bf8c07 elementor-widget__width-initial elementor-widget-mobile__width-inherit animated-slow elementor-invisible elementor-widget elementor-widget-heading\" data-id=\"0bf8c07\" data-element_type=\"widget\" data-settings=\"{&quot;_animation&quot;:&quot;fadeInRight&quot;,&quot;_animation_delay&quot;:600}\" data-widget_type=\"heading.default\">\n\t\t\t\t<div class=\"elementor-widget-container\">\n\t\t\t\t\t<h3 class=\"elementor-heading-title elementor-size-default\">Czy Biblia jest praktyczna?<\/h3>\t\t\t\t<\/div>\n\t\t\t\t<\/div>\n\t\t\t\t<div class=\"elementor-element elementor-element-9ed6d9c animated-slow elementor-invisible elementor-widget elementor-widget-heading\" data-id=\"9ed6d9c\" data-element_type=\"widget\" data-settings=\"{&quot;_animation&quot;:&quot;fadeInLeft&quot;,&quot;_animation_delay&quot;:900}\" data-widget_type=\"heading.default\">\n\t\t\t\t<div class=\"elementor-widget-container\">\n\t\t\t\t\t<h3 class=\"elementor-heading-title elementor-size-default\">Jak po\u0142\u0105czy\u0107 wiar\u0119 i problemy?<\/h3>\t\t\t\t<\/div>\n\t\t\t\t<\/div>\n\t\t<div class=\"elementor-element elementor-element-2e1f1a7 e-con-full e-flex e-con e-child\" data-id=\"2e1f1a7\" data-element_type=\"container\" data-settings=\"{&quot;background_background&quot;:&quot;classic&quot;,&quot;jet_parallax_layout_list&quot;:[]}\">\n\t\t\t\t<div class=\"elementor-element elementor-element-0bae171 elementor-widget elementor-widget-text-editor\" data-id=\"0bae171\" data-element_type=\"widget\" data-widget_type=\"text-editor.default\">\n\t\t\t\t<div class=\"elementor-widget-container\">\n\t\t\t\t\t\t\t\t\t<p><strong>Sobota,<\/strong> <strong>godziny spotka\u0144 ustalane na bie\u017c\u0105co<\/strong><\/p><p>Przestrze\u0144 stworzona dla m\u0142odych doros\u0142ych 18-35 lat, kt\u00f3rzy pragn\u0105 budowa\u0107 relacje, rozwija\u0107 swoj\u0105 wiar\u0119 i sp\u0119dza\u0107 czas w gronie os\u00f3b o chrze\u015bcija\u0144skich warto\u015bciach.<\/p>\t\t\t\t\t\t\t\t<\/div>\n\t\t\t\t<\/div>\n\t\t\t\t<div class=\"elementor-element elementor-element-bf36754 elementor-position-left elementor-vertical-align-middle elementor-widget elementor-widget-image-box\" data-id=\"bf36754\" data-element_type=\"widget\" data-widget_type=\"image-box.default\">\n\t\t\t\t<div class=\"elementor-widget-container\">\n\t\t\t\t\t<div class=\"elementor-image-box-wrapper\"><figure class=\"elementor-image-box-img\"><img fetchpriority=\"high\" decoding=\"async\" width=\"1000\" height=\"1000\" src=\"https:\/\/slowozycia.wroclaw.pl\/wp-content\/uploads\/2025\/10\/image000001.jpg\" class=\"attachment-full size-full wp-image-20189\" alt=\"\" srcset=\"https:\/\/slowozycia.wroclaw.pl\/wp-content\/uploads\/2025\/10\/image000001.jpg 1000w, https:\/\/slowozycia.wroclaw.pl\/wp-content\/uploads\/2025\/10\/image000001-300x300.jpg 300w, https:\/\/slowozycia.wroclaw.pl\/wp-content\/uploads\/2025\/10\/image000001-150x150.jpg 150w, https:\/\/slowozycia.wroclaw.pl\/wp-content\/uploads\/2025\/10\/image000001-768x768.jpg 768w\" sizes=\"(max-width: 1000px) 100vw, 1000px\" \/><\/figure><div class=\"elementor-image-box-content\"><h3 class=\"elementor-image-box-title\">Kontakt: <\/h3><p class=\"elementor-image-box-description\">Facebook Ada<\/p><\/div><\/div>\t\t\t\t<\/div>\n\t\t\t\t<\/div>\n\t\t\t\t<\/div>\n\t\t\t\t<\/div>\n\t\t\t\t\t<\/div>\n\t\t\t\t<\/div>\n\t\t\t\t<\/div>\n\t\t","protected":false},"excerpt":{"rendered":"<p>Ko\u015bci\u00f3\u0142 Strona g\u0142\u00f3wna Ko\u015bci\u00f3\u0142 M\u0142odych Doros\u0142ychTime is NOW Czemu jest tyle z\u0142a na \u015bwiecie? Czy Biblia jest praktyczna? Jak po\u0142\u0105czy\u0107 wiar\u0119 i problemy? Sobota, godziny spotka\u0144 ustalane na bie\u017c\u0105co Przestrze\u0144 stworzona dla m\u0142odych doros\u0142ych 18-35 lat, kt\u00f3rzy pragn\u0105 budowa\u0107 relacje, rozwija\u0107 swoj\u0105 wiar\u0119 i sp\u0119dza\u0107 czas w gronie os\u00f3b o chrze\u015bcija\u0144skich warto\u015bciach. Kontakt: Facebook Ada<\/p>\n","protected":false},"author":6,"featured_media":0,"parent":2624,"menu_order":0,"comment_status":"closed","ping_status":"closed","template":"","meta":{"footnotes":""},"class_list":["post-20137","page","type-page","status-publish","hentry"],"_links":{"self":[{"href":"https:\/\/slowozycia.wroclaw.pl\/index.php\/wp-json\/wp\/v2\/pages\/20137","targetHints":{"allow":["GET"]}}],"collection":[{"href":"https:\/\/slowozycia.wroclaw.pl\/index.php\/wp-json\/wp\/v2\/pages"}],"about":[{"href":"https:\/\/slowozycia.wroclaw.pl\/index.php\/wp-json\/wp\/v2\/types\/page"}],"author":[{"embeddable":true,"href":"https:\/\/slowozycia.wroclaw.pl\/index.php\/wp-json\/wp\/v2\/users\/6"}],"replies":[{"embeddable":true,"href":"https:\/\/slowozycia.wroclaw.pl\/index.php\/wp-json\/wp\/v2\/comments?post=20137"}],"version-history":[{"count":104,"href":"https:\/\/slowozycia.wroclaw.pl\/index.php\/wp-json\/wp\/v2\/pages\/20137\/revisions"}],"predecessor-version":[{"id":21049,"href":"https:\/\/slowozycia.wroclaw.pl\/index.php\/wp-json\/wp\/v2\/pages\/20137\/revisions\/21049"}],"up":[{"embeddable":true,"href":"https:\/\/slowozycia.wroclaw.pl\/index.php\/wp-json\/wp\/v2\/pages\/2624"}],"wp:attachment":[{"href":"https:\/\/slowozycia.wroclaw.pl\/index.php\/wp-json\/wp\/v2\/media?parent=20137"}],"curies":[{"name":"wp","href":"https:\/\/api.w.org\/{rel}","templated":true}]}}