{"id":20158,"date":"2025-09-09T13:19:58","date_gmt":"2025-09-09T11:19:58","guid":{"rendered":"https:\/\/slowozycia.wroclaw.pl\/?page_id=20158"},"modified":"2025-09-09T13:23:22","modified_gmt":"2025-09-09T11:23:22","slug":"exodus","status":"publish","type":"page","link":"https:\/\/slowozycia.wroclaw.pl\/index.php\/spotkania\/exodus\/","title":{"rendered":"Exodus"},"content":{"rendered":"\t\t<div data-elementor-type=\"wp-page\" data-elementor-id=\"20158\" class=\"elementor elementor-20158\" data-elementor-post-type=\"page\">\n\t\t\t\t<div class=\"elementor-element elementor-element-f307396 e-flex e-con-boxed e-con e-parent\" data-id=\"f307396\" data-element_type=\"container\" data-settings=\"{&quot;jet_parallax_layout_list&quot;:[]}\">\n\t\t\t\t\t<div class=\"e-con-inner\">\n\t\t\t\t<div class=\"elementor-element elementor-element-6a5df8e elementor-widget__width-inherit elementor-widget-divider--view-line elementor-widget elementor-widget-divider\" data-id=\"6a5df8e\" data-element_type=\"widget\" data-widget_type=\"divider.default\">\n\t\t\t\t<div class=\"elementor-widget-container\">\n\t\t\t\t\t\t\t<div class=\"elementor-divider\">\n\t\t\t<span class=\"elementor-divider-separator\">\n\t\t\t\t\t\t<\/span>\n\t\t<\/div>\n\t\t\t\t\t\t<\/div>\n\t\t\t\t<\/div>\n\t\t\t\t<div class=\"elementor-element elementor-element-4c7a6d9 jet-breadcrumbs-align-left jet-breadcrumbs-align-mobile-center elementor-widget elementor-widget-jet-breadcrumbs\" data-id=\"4c7a6d9\" data-element_type=\"widget\" data-widget_type=\"jet-breadcrumbs.default\">\n\t\t\t\t<div class=\"elementor-widget-container\">\n\t\t\t\t\t<div class=\"elementor-jet-breadcrumbs jet-blocks\">\n\t\t<div class=\"jet-breadcrumbs\">\n\t\t<div class=\"jet-breadcrumbs__content\">\n\t\t<div class=\"jet-breadcrumbs__wrap\"><div class=\"jet-breadcrumbs__item\"><a href=\"https:\/\/slowozycia.wroclaw.pl\/\" class=\"jet-breadcrumbs__item-link is-home\" rel=\"home\" title=\"Strona g\u0142\u00f3wna\">Strona g\u0142\u00f3wna<\/a><\/div>\n\t\t<\/div>\n\t\t<\/div>\n\t\t<\/div><\/div>\t\t\t\t<\/div>\n\t\t\t\t<\/div>\n\t\t\t\t\t<\/div>\n\t\t\t\t<\/div>\n\t\t<div class=\"elementor-element elementor-element-4bc4551 wiecej e-flex e-con-boxed e-con e-parent\" data-id=\"4bc4551\" data-element_type=\"container\" data-settings=\"{&quot;jet_parallax_layout_list&quot;:[]}\">\n\t\t\t\t\t<div class=\"e-con-inner\">\n\t\t<div class=\"elementor-element elementor-element-f8845e9 e-con-full e-flex e-con e-child\" data-id=\"f8845e9\" data-element_type=\"container\" data-settings=\"{&quot;jet_parallax_layout_list&quot;:[]}\">\n\t\t\t\t<div class=\"elementor-element elementor-element-0603756 elementor-widget__width-inherit elementor-widget elementor-widget-heading\" data-id=\"0603756\" data-element_type=\"widget\" data-widget_type=\"heading.default\">\n\t\t\t\t<div class=\"elementor-widget-container\">\n\t\t\t\t\t<h2 class=\"elementor-heading-title elementor-size-default\">Towarzyszymy w drodze ku zmianie \u2013 krok po kroku, razem.<\/h2>\t\t\t\t<\/div>\n\t\t\t\t<\/div>\n\t\t\t\t<div class=\"elementor-element elementor-element-3947138 elementor-widget-divider--view-line elementor-widget elementor-widget-divider\" data-id=\"3947138\" data-element_type=\"widget\" data-widget_type=\"divider.default\">\n\t\t\t\t<div class=\"elementor-widget-container\">\n\t\t\t\t\t\t\t<div class=\"elementor-divider\">\n\t\t\t<span class=\"elementor-divider-separator\">\n\t\t\t\t\t\t<\/span>\n\t\t<\/div>\n\t\t\t\t\t\t<\/div>\n\t\t\t\t<\/div>\n\t\t\t\t<div class=\"elementor-element elementor-element-a868292 elementor-widget elementor-widget-text-editor\" data-id=\"a868292\" data-element_type=\"widget\" data-widget_type=\"text-editor.default\">\n\t\t\t\t<div class=\"elementor-widget-container\">\n\t\t\t\t\t\t\t\t\t<p>Grupa wsparcia spotyka si\u0119 w ka\u017cdy czwartek o godz. 18:00. Towarzyszymy ludziom w trudnych momentach, pomagaj\u0105c m.in. osobom zmagaj\u0105cym si\u0119 z depresj\u0105 oraz r\u00f3\u017cnego rodzaju uzale\u017cnieniami.\u00a0<\/p><p>Tworzymy bezpieczn\u0105 przestrze\u0144 rozmowy i wzajemnego wsparcia. Mo\u017cesz nas te\u017c spotka\u0107 przy ul. Dawida we Wroc\u0142awiu w ka\u017cdy poniedzia\u0142ek o godz. 19:00. Wsp\u00f3\u0142pracujemy z Teen Challenge.<\/p>\t\t\t\t\t\t\t\t<\/div>\n\t\t\t\t<\/div>\n\t\t\t\t<\/div>\n\t\t<div class=\"elementor-element elementor-element-8ddfca1 e-con-full e-flex e-con e-child\" data-id=\"8ddfca1\" data-element_type=\"container\" data-settings=\"{&quot;jet_parallax_layout_list&quot;:[],&quot;background_background&quot;:&quot;classic&quot;}\">\n\t\t\t\t<div class=\"elementor-element elementor-element-4b1abe6 elementor-widget elementor-widget-spacer\" data-id=\"4b1abe6\" data-element_type=\"widget\" data-widget_type=\"spacer.default\">\n\t\t\t\t<div class=\"elementor-widget-container\">\n\t\t\t\t\t\t\t<div class=\"elementor-spacer\">\n\t\t\t<div class=\"elementor-spacer-inner\"><\/div>\n\t\t<\/div>\n\t\t\t\t\t\t<\/div>\n\t\t\t\t<\/div>\n\t\t\t\t<\/div>\n\t\t\t\t\t<\/div>\n\t\t\t\t<\/div>\n\t\t\t\t<\/div>\n\t\t","protected":false},"excerpt":{"rendered":"<p>Strona g\u0142\u00f3wna Towarzyszymy w drodze ku zmianie \u2013 krok po kroku, razem. Grupa wsparcia spotyka si\u0119 w ka\u017cdy czwartek o godz. 18:00. Towarzyszymy ludziom w trudnych momentach, pomagaj\u0105c m.in. osobom zmagaj\u0105cym si\u0119 z depresj\u0105 oraz r\u00f3\u017cnego rodzaju uzale\u017cnieniami.\u00a0 Tworzymy bezpieczn\u0105 przestrze\u0144 rozmowy i wzajemnego wsparcia. Mo\u017cesz nas te\u017c spotka\u0107 przy ul. Dawida we Wroc\u0142awiu w [&hellip;]<\/p>\n","protected":false},"author":6,"featured_media":0,"parent":2624,"menu_order":0,"comment_status":"closed","ping_status":"closed","template":"","meta":{"footnotes":""},"class_list":["post-20158","page","type-page","status-publish","hentry"],"_links":{"self":[{"href":"https:\/\/slowozycia.wroclaw.pl\/index.php\/wp-json\/wp\/v2\/pages\/20158","targetHints":{"allow":["GET"]}}],"collection":[{"href":"https:\/\/slowozycia.wroclaw.pl\/index.php\/wp-json\/wp\/v2\/pages"}],"about":[{"href":"https:\/\/slowozycia.wroclaw.pl\/index.php\/wp-json\/wp\/v2\/types\/page"}],"author":[{"embeddable":true,"href":"https:\/\/slowozycia.wroclaw.pl\/index.php\/wp-json\/wp\/v2\/users\/6"}],"replies":[{"embeddable":true,"href":"https:\/\/slowozycia.wroclaw.pl\/index.php\/wp-json\/wp\/v2\/comments?post=20158"}],"version-history":[{"count":4,"href":"https:\/\/slowozycia.wroclaw.pl\/index.php\/wp-json\/wp\/v2\/pages\/20158\/revisions"}],"predecessor-version":[{"id":20162,"href":"https:\/\/slowozycia.wroclaw.pl\/index.php\/wp-json\/wp\/v2\/pages\/20158\/revisions\/20162"}],"up":[{"embeddable":true,"href":"https:\/\/slowozycia.wroclaw.pl\/index.php\/wp-json\/wp\/v2\/pages\/2624"}],"wp:attachment":[{"href":"https:\/\/slowozycia.wroclaw.pl\/index.php\/wp-json\/wp\/v2\/media?parent=20158"}],"curies":[{"name":"wp","href":"https:\/\/api.w.org\/{rel}","templated":true}]}}