{"id":4314,"date":"2018-09-08T19:38:29","date_gmt":"2018-09-08T17:38:29","guid":{"rendered":"https:\/\/slowozycia.wroclaw.pl\/?page_id=4314"},"modified":"2026-01-10T19:44:40","modified_gmt":"2026-01-10T18:44:40","slug":"ss","status":"publish","type":"page","link":"https:\/\/slowozycia.wroclaw.pl\/index.php\/rozwoj\/ss\/","title":{"rendered":"Szko\u0142a S\u0142u\u017cby"},"content":{"rendered":"\t\t<div data-elementor-type=\"wp-page\" data-elementor-id=\"4314\" class=\"elementor elementor-4314\" data-elementor-post-type=\"page\">\n\t\t\t\t<div class=\"elementor-element elementor-element-25044d5 e-flex e-con-boxed e-con e-parent\" data-id=\"25044d5\" data-element_type=\"container\" data-settings=\"{&quot;jet_parallax_layout_list&quot;:[]}\">\n\t\t\t\t\t<div class=\"e-con-inner\">\n\t\t\t\t<div class=\"elementor-element elementor-element-8520213 elementor-widget__width-inherit elementor-widget-divider--view-line elementor-widget elementor-widget-divider\" data-id=\"8520213\" data-element_type=\"widget\" data-widget_type=\"divider.default\">\n\t\t\t\t<div class=\"elementor-widget-container\">\n\t\t\t\t\t\t\t<div class=\"elementor-divider\">\n\t\t\t<span class=\"elementor-divider-separator\">\n\t\t\t\t\t\t<\/span>\n\t\t<\/div>\n\t\t\t\t\t\t<\/div>\n\t\t\t\t<\/div>\n\t\t\t\t<div class=\"elementor-element elementor-element-e6ab38b jet-breadcrumbs-align-left jet-breadcrumbs-align-mobile-center elementor-widget elementor-widget-jet-breadcrumbs\" data-id=\"e6ab38b\" data-element_type=\"widget\" data-widget_type=\"jet-breadcrumbs.default\">\n\t\t\t\t<div class=\"elementor-widget-container\">\n\t\t\t\t\t<div class=\"elementor-jet-breadcrumbs jet-blocks\">\n\t\t<div class=\"jet-breadcrumbs\">\n\t\t<div class=\"jet-breadcrumbs__content\">\n\t\t<div class=\"jet-breadcrumbs__wrap\"><div class=\"jet-breadcrumbs__item\"><a href=\"https:\/\/slowozycia.wroclaw.pl\/\" class=\"jet-breadcrumbs__item-link is-home\" rel=\"home\" title=\"Strona g\u0142\u00f3wna\">Strona g\u0142\u00f3wna<\/a><\/div>\n\t\t<\/div>\n\t\t<\/div>\n\t\t<\/div><\/div>\t\t\t\t<\/div>\n\t\t\t\t<\/div>\n\t\t\t\t\t<\/div>\n\t\t\t\t<\/div>\n\t\t<div class=\"elementor-element elementor-element-c9817cf wiecej e-flex e-con-boxed e-con e-parent\" data-id=\"c9817cf\" data-element_type=\"container\" data-settings=\"{&quot;jet_parallax_layout_list&quot;:[]}\">\n\t\t\t\t\t<div class=\"e-con-inner\">\n\t\t<div class=\"elementor-element elementor-element-70a5b5d e-con-full e-flex e-con e-child\" data-id=\"70a5b5d\" data-element_type=\"container\" data-settings=\"{&quot;jet_parallax_layout_list&quot;:[]}\">\n\t\t\t\t<div class=\"elementor-element elementor-element-10b1915 elementor-widget__width-inherit elementor-widget elementor-widget-heading\" data-id=\"10b1915\" data-element_type=\"widget\" data-widget_type=\"heading.default\">\n\t\t\t\t<div class=\"elementor-widget-container\">\n\t\t\t\t\t<h2 class=\"elementor-heading-title elementor-size-default\">Opis szko\u0142y s\u0142u\u017cby<\/h2>\t\t\t\t<\/div>\n\t\t\t\t<\/div>\n\t\t\t\t<div class=\"elementor-element elementor-element-7e73b03 elementor-widget-divider--view-line elementor-widget elementor-widget-divider\" data-id=\"7e73b03\" data-element_type=\"widget\" data-widget_type=\"divider.default\">\n\t\t\t\t<div class=\"elementor-widget-container\">\n\t\t\t\t\t\t\t<div class=\"elementor-divider\">\n\t\t\t<span class=\"elementor-divider-separator\">\n\t\t\t\t\t\t<\/span>\n\t\t<\/div>\n\t\t\t\t\t\t<\/div>\n\t\t\t\t<\/div>\n\t\t\t\t<div class=\"elementor-element elementor-element-6911840 elementor-widget elementor-widget-text-editor\" data-id=\"6911840\" data-element_type=\"widget\" data-widget_type=\"text-editor.default\">\n\t\t\t\t<div class=\"elementor-widget-container\">\n\t\t\t\t\t\t\t\t\t<p>Ta szko\u0142a pomaga rozwija\u0107 obdarowanie, kt\u00f3re ju\u017c otrzyma\u0142e\u015b od Boga. To wsp\u00f3\u0142praca wyk\u0142adowcy i studenta nad rozwojem jego potencja\u0142u w s\u0142u\u017cbie.<\/p><p><strong><span style=\"color: #232323;\">DLA KOGO?<\/span><\/strong><br \/>Szko\u0142a S\u0142u\u017cby jest adresowana do os\u00f3b, kt\u00f3re s\u0105 zaanga\u017cowane lub chcia\u0142yby si\u0119 zaanga\u017cowa\u0107 w s\u0142u\u017cb\u0119.<br \/><span style=\"color: #e52e2e;\">Warunkiem uczestnictwa w Szkole S\u0142u\u017cby jest uko\u0144czenie Szko\u0142y Podstaw<\/span>, kt\u00f3ra odbywa si\u0119 u nas ka\u017cdego roku od pa\u017adziernika do marca.<\/p><p><strong>CZAS TRWANIA<\/strong><\/p><p>Szko\u0142a S\u0142u\u017cby trwa od stycznia do czerwca. Spotkania odbywaj\u0105 si\u0119 raz w miesi\u0105cu, w soboty, w godzinach 10-14.<\/p>\t\t\t\t\t\t\t\t<\/div>\n\t\t\t\t<\/div>\n\t\t\t\t<\/div>\n\t\t<div class=\"elementor-element elementor-element-718ec94 e-con-full e-flex e-con e-child\" data-id=\"718ec94\" data-element_type=\"container\" data-settings=\"{&quot;jet_parallax_layout_list&quot;:[],&quot;background_background&quot;:&quot;classic&quot;}\">\n\t\t\t\t<div class=\"elementor-element elementor-element-1fbda33 elementor-widget__width-inherit elementor-widget elementor-widget-heading\" data-id=\"1fbda33\" data-element_type=\"widget\" data-widget_type=\"heading.default\">\n\t\t\t\t<div class=\"elementor-widget-container\">\n\t\t\t\t\t<h2 class=\"elementor-heading-title elementor-size-default\">Szczeg\u00f3\u0142y wydarzenia<\/h2>\t\t\t\t<\/div>\n\t\t\t\t<\/div>\n\t\t\t\t<div class=\"elementor-element elementor-element-0a918ec elementor-widget elementor-widget-text-editor\" data-id=\"0a918ec\" data-element_type=\"widget\" data-widget_type=\"text-editor.default\">\n\t\t\t\t<div class=\"elementor-widget-container\">\n\t\t\t\t\t\t\t\t\t<p><span style=\"color: #232323;\"><b>ROZPOCZ\u0118CIE<br \/><\/b><\/span>31 stycznia 2026 godz. 10:00<br \/><span style=\"color: #232323;\">Planowane zako\u0144czenie: czerwiec 2026<\/span><\/p><p><span style=\"color: #232323;\"><b>OP\u0141ATY<br \/><\/b><\/span>Szko\u0142a S\u0142u\u017cby jest bezp\u0142atna.<\/p><p><span style=\"color: #232323;\"><strong>ZAPISY<\/strong><br \/><\/span>Pastor Artur \u015amieja: 509 696 226<\/p><p><span style=\"color: #232323;\"><strong>ORGANIZATOR<\/strong><br \/><\/span>Ko\u015bci\u00f3\u0142 Chrze\u015bcija\u0144ski S\u0141OWO \u017bYCIA Wroc\u0142aw<\/p>\t\t\t\t\t\t\t\t<\/div>\n\t\t\t\t<\/div>\n\t\t\t\t<\/div>\n\t\t\t\t\t<\/div>\n\t\t\t\t<\/div>\n\t\t\t\t<\/div>\n\t\t","protected":false},"excerpt":{"rendered":"<p>Strona g\u0142\u00f3wna Opis szko\u0142y s\u0142u\u017cby Ta szko\u0142a pomaga rozwija\u0107 obdarowanie, kt\u00f3re ju\u017c otrzyma\u0142e\u015b od Boga. To wsp\u00f3\u0142praca wyk\u0142adowcy i studenta nad rozwojem jego potencja\u0142u w s\u0142u\u017cbie. DLA KOGO?Szko\u0142a S\u0142u\u017cby jest adresowana do os\u00f3b, kt\u00f3re s\u0105 zaanga\u017cowane lub chcia\u0142yby si\u0119 zaanga\u017cowa\u0107 w s\u0142u\u017cb\u0119.Warunkiem uczestnictwa w Szkole S\u0142u\u017cby jest uko\u0144czenie Szko\u0142y Podstaw, kt\u00f3ra odbywa si\u0119 u nas [&hellip;]<\/p>\n","protected":false},"author":1,"featured_media":0,"parent":1769,"menu_order":0,"comment_status":"closed","ping_status":"closed","template":"","meta":{"footnotes":""},"class_list":["post-4314","page","type-page","status-publish","hentry"],"_links":{"self":[{"href":"https:\/\/slowozycia.wroclaw.pl\/index.php\/wp-json\/wp\/v2\/pages\/4314","targetHints":{"allow":["GET"]}}],"collection":[{"href":"https:\/\/slowozycia.wroclaw.pl\/index.php\/wp-json\/wp\/v2\/pages"}],"about":[{"href":"https:\/\/slowozycia.wroclaw.pl\/index.php\/wp-json\/wp\/v2\/types\/page"}],"author":[{"embeddable":true,"href":"https:\/\/slowozycia.wroclaw.pl\/index.php\/wp-json\/wp\/v2\/users\/1"}],"replies":[{"embeddable":true,"href":"https:\/\/slowozycia.wroclaw.pl\/index.php\/wp-json\/wp\/v2\/comments?post=4314"}],"version-history":[{"count":185,"href":"https:\/\/slowozycia.wroclaw.pl\/index.php\/wp-json\/wp\/v2\/pages\/4314\/revisions"}],"predecessor-version":[{"id":20615,"href":"https:\/\/slowozycia.wroclaw.pl\/index.php\/wp-json\/wp\/v2\/pages\/4314\/revisions\/20615"}],"up":[{"embeddable":true,"href":"https:\/\/slowozycia.wroclaw.pl\/index.php\/wp-json\/wp\/v2\/pages\/1769"}],"wp:attachment":[{"href":"https:\/\/slowozycia.wroclaw.pl\/index.php\/wp-json\/wp\/v2\/media?parent=4314"}],"curies":[{"name":"wp","href":"https:\/\/api.w.org\/{rel}","templated":true}]}}